{"id":2151,"date":"2020-07-27T09:10:53","date_gmt":"2020-07-27T09:10:53","guid":{"rendered":"https:\/\/www.marignycapital.com\/legales\/"},"modified":"2021-03-08T14:08:45","modified_gmt":"2021-03-08T14:08:45","slug":"avviso-legale","status":"publish","type":"page","link":"https:\/\/www.marignycapital.com\/it\/avviso-legale\/","title":{"rendered":"Avviso legale"},"content":{"rendered":"\r\n<p class=\"has-medium-font-size\">Questo sito web \u00e8 di propriet\u00e0 di MARIGNY CAPITAL, societ\u00e0 anonima francese con capitale di 800.000 euro, avente sede legale all\u2019indirizzo 9, rue de la Paix, 75002 Paris (Francia), iscritta nel Registro del Commercio di Parigi con il numero 790 309 736.<\/p>\r\n\r\n\r\n<hr class=\"wp-block-separator\" \/>\r\n\r\n\r\n<p>Les informations, analyses, donn\u00e9es et cours publi\u00e9s sur ce Site ont un caract\u00e8re indicatif, non contractuel, et peuvent \u00eatre modifi\u00e9s sans pr\u00e9avis. Ils ne constituent pas une offre d\u2019achat ou de vente, ni un conseil financier ou un engagement quelconque de la part de Marigny Capital.<\/p>\r\n\r\n\r\n\r\n<p>L\u2019acc\u00e8s aux produits et services d\u00e9crits sur ce site peut faire l\u2019objet de restrictions \u00e0 l\u2019\u00e9gard de certaines personnes ou dans certains pays et aucun des produits et services ne peut \u00eatre propos\u00e9 par Marigny Capital \u00e0 une personne si la loi de son pays d\u2019origine ou de tout autre pays, qui lui serait applicable ou s\u2019appliquerait au produit et au service, l\u2019interdit. Il appartient \u00e0 l\u2019internaute, sous sa seule responsabilit\u00e9, de s\u2019assurer pr\u00e9alablement qu\u2019il est juridiquement autoris\u00e9 \u00e0 se connecter au pr\u00e9sent site et\/ou \u00e0 souscrire \u00e0 un produit ou un service, dans le pays dont il est r\u00e9sident, et de s\u2019assurer des cons\u00e9quences fiscales de son investissement. Les utilisateurs ont l\u2019enti\u00e8re responsabilit\u00e9 d\u2019observer toutes les lois et\/ou r\u00e9glementations localement en vigueur.<\/p>\r\n","protected":false},"excerpt":{"rendered":"<p>Questo sito web \u00e8 di propriet\u00e0 di MARIGNY CAPITAL, societ\u00e0 anonima francese con capitale di 800.000 euro, avente sede legale all\u2019indirizzo 9, rue de la Paix, 75002 Paris (Francia), iscritta nel Registro del Commercio di Parigi con il numero 790 309 736. Les informations, analyses, donn\u00e9es et cours publi\u00e9s sur ce Site ont un caract\u00e8re [&hellip;]<\/p>\n","protected":false},"author":2,"featured_media":0,"parent":0,"menu_order":0,"comment_status":"closed","ping_status":"closed","template":"custom-pages\/legales.php","meta":{"_acf_changed":false,"footnotes":""},"class_list":["post-2151","page","type-page","status-publish","hentry"],"acf":[],"yoast_head":"<!-- This site is optimized with the Yoast SEO plugin v27.3 - https:\/\/yoast.com\/product\/yoast-seo-wordpress\/ -->\n<title>Mentions l\u00e9gales et r\u00e9glementaires | Marigny Capital<\/title>\n<meta name=\"description\" content=\"Mentions l\u00e9gales et r\u00e9glementaires | Marigny Capital\" \/>\n<meta name=\"robots\" content=\"index, follow, max-snippet:-1, max-image-preview:large, max-video-preview:-1\" \/>\n<link rel=\"canonical\" href=\"https:\/\/www.marignycapital.com\/it\/avviso-legale\/\" \/>\n<meta property=\"og:locale\" content=\"it_IT\" \/>\n<meta property=\"og:type\" content=\"article\" \/>\n<meta property=\"og:title\" content=\"Mentions l\u00e9gales et r\u00e9glementaires | Marigny Capital\" \/>\n<meta property=\"og:description\" content=\"Mentions l\u00e9gales et r\u00e9glementaires | Marigny Capital\" \/>\n<meta property=\"og:url\" content=\"https:\/\/www.marignycapital.com\/it\/avviso-legale\/\" \/>\n<meta property=\"og:site_name\" content=\"Marigny Capital\" \/>\n<meta property=\"article:modified_time\" content=\"2021-03-08T14:08:45+00:00\" \/>\n<meta name=\"twitter:card\" content=\"summary_large_image\" \/>\n<meta name=\"twitter:site\" content=\"@marignycapital\" \/>\n<meta name=\"twitter:label1\" content=\"Tempo di lettura stimato\" \/>\n\t<meta name=\"twitter:data1\" content=\"1 minuto\" \/>\n<script type=\"application\/ld+json\" class=\"yoast-schema-graph\">{\"@context\":\"https:\\\/\\\/schema.org\",\"@graph\":[{\"@type\":\"WebPage\",\"@id\":\"https:\\\/\\\/www.marignycapital.com\\\/it\\\/avviso-legale\\\/\",\"url\":\"https:\\\/\\\/www.marignycapital.com\\\/it\\\/avviso-legale\\\/\",\"name\":\"Mentions l\u00e9gales et r\u00e9glementaires | Marigny Capital\",\"isPartOf\":{\"@id\":\"https:\\\/\\\/www.marignycapital.com\\\/it\\\/#website\"},\"datePublished\":\"2020-07-27T09:10:53+00:00\",\"dateModified\":\"2021-03-08T14:08:45+00:00\",\"description\":\"Mentions l\u00e9gales et r\u00e9glementaires | Marigny Capital\",\"breadcrumb\":{\"@id\":\"https:\\\/\\\/www.marignycapital.com\\\/it\\\/avviso-legale\\\/#breadcrumb\"},\"inLanguage\":\"it-IT\",\"potentialAction\":[{\"@type\":\"ReadAction\",\"target\":[\"https:\\\/\\\/www.marignycapital.com\\\/it\\\/avviso-legale\\\/\"]}]},{\"@type\":\"BreadcrumbList\",\"@id\":\"https:\\\/\\\/www.marignycapital.com\\\/it\\\/avviso-legale\\\/#breadcrumb\",\"itemListElement\":[{\"@type\":\"ListItem\",\"position\":1,\"name\":\"Pagina iniziale\",\"item\":\"https:\\\/\\\/www.marignycapital.com\\\/it\\\/\"},{\"@type\":\"ListItem\",\"position\":2,\"name\":\"Avviso legale\"}]},{\"@type\":\"WebSite\",\"@id\":\"https:\\\/\\\/www.marignycapital.com\\\/it\\\/#website\",\"url\":\"https:\\\/\\\/www.marignycapital.com\\\/it\\\/\",\"name\":\"Marigny Capital\",\"description\":\"Leader en solutions d&#039;investissements\",\"publisher\":{\"@id\":\"https:\\\/\\\/www.marignycapital.com\\\/it\\\/#organization\"},\"potentialAction\":[{\"@type\":\"SearchAction\",\"target\":{\"@type\":\"EntryPoint\",\"urlTemplate\":\"https:\\\/\\\/www.marignycapital.com\\\/it\\\/?s={search_term_string}\"},\"query-input\":{\"@type\":\"PropertyValueSpecification\",\"valueRequired\":true,\"valueName\":\"search_term_string\"}}],\"inLanguage\":\"it-IT\"},{\"@type\":\"Organization\",\"@id\":\"https:\\\/\\\/www.marignycapital.com\\\/it\\\/#organization\",\"name\":\"Marigny Capital\",\"url\":\"https:\\\/\\\/www.marignycapital.com\\\/it\\\/\",\"logo\":{\"@type\":\"ImageObject\",\"inLanguage\":\"it-IT\",\"@id\":\"https:\\\/\\\/www.marignycapital.com\\\/it\\\/#\\\/schema\\\/logo\\\/image\\\/\",\"url\":\"https:\\\/\\\/www.marignycapital.com\\\/wp-content\\\/uploads\\\/2020\\\/07\\\/logo-marigny-capital.png\",\"contentUrl\":\"https:\\\/\\\/www.marignycapital.com\\\/wp-content\\\/uploads\\\/2020\\\/07\\\/logo-marigny-capital.png\",\"width\":428,\"height\":172,\"caption\":\"Marigny Capital\"},\"image\":{\"@id\":\"https:\\\/\\\/www.marignycapital.com\\\/it\\\/#\\\/schema\\\/logo\\\/image\\\/\"},\"sameAs\":[\"https:\\\/\\\/x.com\\\/marignycapital\",\"https:\\\/\\\/www.linkedin.com\\\/company\\\/marigny-capital\\\/\",\"https:\\\/\\\/www.youtube.com\\\/channel\\\/UC1vzOrmAYYtQTCAMbKOab3w\"]}]}<\/script>\n<!-- \/ Yoast SEO plugin. -->","yoast_head_json":{"title":"Mentions l\u00e9gales et r\u00e9glementaires | Marigny Capital","description":"Mentions l\u00e9gales et r\u00e9glementaires | Marigny Capital","robots":{"index":"index","follow":"follow","max-snippet":"max-snippet:-1","max-image-preview":"max-image-preview:large","max-video-preview":"max-video-preview:-1"},"canonical":"https:\/\/www.marignycapital.com\/it\/avviso-legale\/","og_locale":"it_IT","og_type":"article","og_title":"Mentions l\u00e9gales et r\u00e9glementaires | Marigny Capital","og_description":"Mentions l\u00e9gales et r\u00e9glementaires | Marigny Capital","og_url":"https:\/\/www.marignycapital.com\/it\/avviso-legale\/","og_site_name":"Marigny Capital","article_modified_time":"2021-03-08T14:08:45+00:00","twitter_card":"summary_large_image","twitter_site":"@marignycapital","twitter_misc":{"Tempo di lettura stimato":"1 minuto"},"schema":{"@context":"https:\/\/schema.org","@graph":[{"@type":"WebPage","@id":"https:\/\/www.marignycapital.com\/it\/avviso-legale\/","url":"https:\/\/www.marignycapital.com\/it\/avviso-legale\/","name":"Mentions l\u00e9gales et r\u00e9glementaires | Marigny Capital","isPartOf":{"@id":"https:\/\/www.marignycapital.com\/it\/#website"},"datePublished":"2020-07-27T09:10:53+00:00","dateModified":"2021-03-08T14:08:45+00:00","description":"Mentions l\u00e9gales et r\u00e9glementaires | Marigny Capital","breadcrumb":{"@id":"https:\/\/www.marignycapital.com\/it\/avviso-legale\/#breadcrumb"},"inLanguage":"it-IT","potentialAction":[{"@type":"ReadAction","target":["https:\/\/www.marignycapital.com\/it\/avviso-legale\/"]}]},{"@type":"BreadcrumbList","@id":"https:\/\/www.marignycapital.com\/it\/avviso-legale\/#breadcrumb","itemListElement":[{"@type":"ListItem","position":1,"name":"Pagina iniziale","item":"https:\/\/www.marignycapital.com\/it\/"},{"@type":"ListItem","position":2,"name":"Avviso legale"}]},{"@type":"WebSite","@id":"https:\/\/www.marignycapital.com\/it\/#website","url":"https:\/\/www.marignycapital.com\/it\/","name":"Marigny Capital","description":"Leader en solutions d&#039;investissements","publisher":{"@id":"https:\/\/www.marignycapital.com\/it\/#organization"},"potentialAction":[{"@type":"SearchAction","target":{"@type":"EntryPoint","urlTemplate":"https:\/\/www.marignycapital.com\/it\/?s={search_term_string}"},"query-input":{"@type":"PropertyValueSpecification","valueRequired":true,"valueName":"search_term_string"}}],"inLanguage":"it-IT"},{"@type":"Organization","@id":"https:\/\/www.marignycapital.com\/it\/#organization","name":"Marigny Capital","url":"https:\/\/www.marignycapital.com\/it\/","logo":{"@type":"ImageObject","inLanguage":"it-IT","@id":"https:\/\/www.marignycapital.com\/it\/#\/schema\/logo\/image\/","url":"https:\/\/www.marignycapital.com\/wp-content\/uploads\/2020\/07\/logo-marigny-capital.png","contentUrl":"https:\/\/www.marignycapital.com\/wp-content\/uploads\/2020\/07\/logo-marigny-capital.png","width":428,"height":172,"caption":"Marigny Capital"},"image":{"@id":"https:\/\/www.marignycapital.com\/it\/#\/schema\/logo\/image\/"},"sameAs":["https:\/\/x.com\/marignycapital","https:\/\/www.linkedin.com\/company\/marigny-capital\/","https:\/\/www.youtube.com\/channel\/UC1vzOrmAYYtQTCAMbKOab3w"]}]}},"_links":{"self":[{"href":"https:\/\/www.marignycapital.com\/it\/wp-json\/wp\/v2\/pages\/2151","targetHints":{"allow":["GET"]}}],"collection":[{"href":"https:\/\/www.marignycapital.com\/it\/wp-json\/wp\/v2\/pages"}],"about":[{"href":"https:\/\/www.marignycapital.com\/it\/wp-json\/wp\/v2\/types\/page"}],"author":[{"embeddable":true,"href":"https:\/\/www.marignycapital.com\/it\/wp-json\/wp\/v2\/users\/2"}],"replies":[{"embeddable":true,"href":"https:\/\/www.marignycapital.com\/it\/wp-json\/wp\/v2\/comments?post=2151"}],"version-history":[{"count":3,"href":"https:\/\/www.marignycapital.com\/it\/wp-json\/wp\/v2\/pages\/2151\/revisions"}],"predecessor-version":[{"id":2158,"href":"https:\/\/www.marignycapital.com\/it\/wp-json\/wp\/v2\/pages\/2151\/revisions\/2158"}],"wp:attachment":[{"href":"https:\/\/www.marignycapital.com\/it\/wp-json\/wp\/v2\/media?parent=2151"}],"curies":[{"name":"wp","href":"https:\/\/api.w.org\/{rel}","templated":true}]}}