{"id":5229,"date":"2021-04-13T13:44:14","date_gmt":"2021-04-13T13:44:14","guid":{"rendered":"https:\/\/www.marignycapital.com\/impressum\/"},"modified":"2022-02-11T14:23:40","modified_gmt":"2022-02-11T14:23:40","slug":"impressum","status":"publish","type":"page","link":"https:\/\/www.marignycapital.com\/en\/impressum\/","title":{"rendered":"Imprint"},"content":{"rendered":"<p>\n<!-- Legal document generated by Complianz | GDPR\/CCPA Cookie Consent https:\/\/wordpress.org\/plugins\/complianz-gdpr -->\n<div id=\"cmplz-document\" class=\"cmplz-document impressum cmplz-document-all\"><p><i>This imprint was last updated on 30\/01\/2026.<\/i><\/p><p class=\"cmplz-subtitle\">The owner of this website is:<\/p><p>Marigny Capital <br>9 RUE DE LA PAIX 75002 PARIS<br>France<br>Email:&nbsp;<br>Phone number: +33 1 53 43 09 30<br>VAT ID:&nbsp;FR27790309736<\/p><p class=\"cmplz-subtitle\">The legal representative(s) of Marigny Capital :<\/p><p>Xavier Huttepain<\/p><h2>1. General<\/h2><p class=\"cmplz-subtitle\">1.1 We are registered at INSEE et GREFFE DE PARIS under the license or registration number:<\/p><p>79030973600037<\/p><p class=\"cmplz-subtitle\">1.2 We display services or products on our website, which require registration with the following professional association:<\/p><p>Entreprise d'Investissement num\u00e9ro 11983, r\u00e9gul\u00e9e par l\u2019ACPR et l'AMF<\/p><p class=\"cmplz-subtitle\">1.3 The following Professional Rules and Regulations apply to our organization:<\/p><p>Entreprise d'Investissement num\u00e9ro 11983, r\u00e9gul\u00e9e par l\u2019ACPR et l'AMF<\/p><p>We are not willing or obliged to participate in dispute resolution procedures before a consumer arbitration board.<\/p><h2>2. The following information is mandatory according to German law.<\/h2><p class=\"cmplz-subtitle\">2.1 Die Eigentumsanteile der Gesellschaft (Aktienkapital), die von ihr ausgegeben wurden:<\/p><p>800 000 \u20ac<\/p><\/div><br \/>\n<!-- Legal document generated by Complianz | GDPR\/CCPA Cookie Consent https:\/\/wordpress.org\/plugins\/complianz-gdpr --><\/p>\n<div id=\"cmplz-document\" class=\"cmplz-document impressum\">\n<p><i>Cette imprint a \u00e9t\u00e9 mise \u00e0 jour pour la derni\u00e8re fois le 10\/02\/2022.<\/i><\/p>\n<p class=\"cmplz-subtitle\">Le propri\u00e9taire de ce site web est\u00a0:<\/p>\n<p>Marigny Capital<br \/>\n9 RUE DE LA PAIX 75002 PARIS<br \/>\nFrance<br \/>\nE-mail\u00a0:\u00a0<span class=\"cmplz-obfuscate\">moc.latipacyngiram@tcatnoc<\/span><br \/>\nNum\u00e9ro de t\u00e9l\u00e9phone: +33 1 53 43 09 30<\/p>\n<p>VAT ID:\u00a0FR27790309736<\/p>\n<p class=\"cmplz-subtitle\">Le(s) repr\u00e9sentant(s) l\u00e9gal(aux) de Marigny Capital \u00a0:<\/p>\n<p>Xavier Huttepain<\/p>\n<h2>1. G\u00e9n\u00e9ral<\/h2>\n<p class=\"cmplz-subtitle\">1.1 Nous sommes enregistr\u00e9s chez INSEE et GREFFE DE PARIS sous le num\u00e9ro de licence ou d\u2019enregistrement\u00a0:<\/p>\n<p>79030973600037<\/p>\n<p class=\"cmplz-subtitle\">1.2 Nous pr\u00e9sentons des services ou des produits sur notre site web, qui n\u00e9cessitent une inscription aupr\u00e8s de l\u2019association professionnelle suivante\u00a0:<\/p>\n<p>Entreprise d&#8217;Investissement num\u00e9ro 11983, r\u00e9gul\u00e9e par l\u2019ACPR et l&#8217;AMF<\/p>\n<p class=\"cmplz-subtitle\">1.3 Les r\u00e8gles et r\u00e8glements professionnels suivants s\u2019appliquent \u00e0 notre organisation\u00a0:<\/p>\n<p>Entreprise d&#8217;Investissement num\u00e9ro 11983, r\u00e9gul\u00e9e par l\u2019ACPR et l&#8217;AMF<\/p>\n<p>Nous ne sommes ni dispos\u00e9s ni oblig\u00e9s de participer \u00e0 des proc\u00e9dures de r\u00e8glement des litiges devant une commission d\u2019arbitrage des consommateurs.<\/p>\n<h2>2. Les informations suivantes sont obligatoires selon la loi allemande.<\/h2>\n<p class=\"cmplz-subtitle\">2.1 Die Eigentumsanteile der Gesellschaft (Aktienkapital), die von ihr ausgegeben wurden:<\/p>\n<p>800 000 \u20ac<\/p>\n<\/div>\n","protected":false},"excerpt":{"rendered":"<p>Cette imprint a \u00e9t\u00e9 mise \u00e0 jour pour la derni\u00e8re fois le 10\/02\/2022. Le propri\u00e9taire de ce site web est\u00a0: Marigny Capital 9 RUE DE LA PAIX 75002 PARIS France E-mail\u00a0:\u00a0moc.latipacyngiram@tcatnoc Num\u00e9ro de t\u00e9l\u00e9phone: +33 1 53 43 09 30 VAT ID:\u00a0FR27790309736 Le(s) repr\u00e9sentant(s) l\u00e9gal(aux) de Marigny Capital \u00a0: Xavier Huttepain 1. G\u00e9n\u00e9ral 1.1 Nous [&hellip;]<\/p>\n","protected":false},"author":1,"featured_media":0,"parent":0,"menu_order":0,"comment_status":"closed","ping_status":"closed","template":"","meta":{"_acf_changed":false,"footnotes":""},"class_list":["post-5229","page","type-page","status-publish","hentry"],"acf":[],"yoast_head":"<!-- This site is optimized with the Yoast SEO plugin v27.3 - https:\/\/yoast.com\/product\/yoast-seo-wordpress\/ -->\n<title>Imprint | Marigny Capital<\/title>\n<meta name=\"robots\" content=\"index, follow, max-snippet:-1, max-image-preview:large, max-video-preview:-1\" \/>\n<link rel=\"canonical\" href=\"https:\/\/www.marignycapital.com\/en\/impressum\/\" \/>\n<meta property=\"og:locale\" content=\"en_US\" \/>\n<meta property=\"og:type\" content=\"article\" \/>\n<meta property=\"og:title\" content=\"Imprint | Marigny Capital\" \/>\n<meta property=\"og:description\" content=\"Cette imprint a \u00e9t\u00e9 mise \u00e0 jour pour la derni\u00e8re fois le 10\/02\/2022. Le propri\u00e9taire de ce site web est\u00a0: Marigny Capital 9 RUE DE LA PAIX 75002 PARIS France E-mail\u00a0:\u00a0moc.latipacyngiram@tcatnoc Num\u00e9ro de t\u00e9l\u00e9phone: +33 1 53 43 09 30 VAT ID:\u00a0FR27790309736 Le(s) repr\u00e9sentant(s) l\u00e9gal(aux) de Marigny Capital \u00a0: Xavier Huttepain 1. G\u00e9n\u00e9ral 1.1 Nous [&hellip;]\" \/>\n<meta property=\"og:url\" content=\"https:\/\/www.marignycapital.com\/en\/impressum\/\" \/>\n<meta property=\"og:site_name\" content=\"Marigny Capital\" \/>\n<meta property=\"article:modified_time\" content=\"2022-02-11T14:23:40+00:00\" \/>\n<meta name=\"twitter:card\" content=\"summary_large_image\" \/>\n<meta name=\"twitter:site\" content=\"@marignycapital\" \/>\n<meta name=\"twitter:label1\" content=\"Est. reading time\" \/>\n\t<meta name=\"twitter:data1\" content=\"1 minute\" \/>\n<script type=\"application\/ld+json\" class=\"yoast-schema-graph\">{\"@context\":\"https:\\\/\\\/schema.org\",\"@graph\":[{\"@type\":\"WebPage\",\"@id\":\"https:\\\/\\\/www.marignycapital.com\\\/en\\\/impressum\\\/\",\"url\":\"https:\\\/\\\/www.marignycapital.com\\\/en\\\/impressum\\\/\",\"name\":\"Imprint | Marigny Capital\",\"isPartOf\":{\"@id\":\"https:\\\/\\\/www.marignycapital.com\\\/en\\\/#website\"},\"datePublished\":\"2021-04-13T13:44:14+00:00\",\"dateModified\":\"2022-02-11T14:23:40+00:00\",\"breadcrumb\":{\"@id\":\"https:\\\/\\\/www.marignycapital.com\\\/en\\\/impressum\\\/#breadcrumb\"},\"inLanguage\":\"en-US\",\"potentialAction\":[{\"@type\":\"ReadAction\",\"target\":[\"https:\\\/\\\/www.marignycapital.com\\\/en\\\/impressum\\\/\"]}]},{\"@type\":\"BreadcrumbList\",\"@id\":\"https:\\\/\\\/www.marignycapital.com\\\/en\\\/impressum\\\/#breadcrumb\",\"itemListElement\":[{\"@type\":\"ListItem\",\"position\":1,\"name\":\"Home\",\"item\":\"https:\\\/\\\/www.marignycapital.com\\\/en\\\/\"},{\"@type\":\"ListItem\",\"position\":2,\"name\":\"Imprint\"}]},{\"@type\":\"WebSite\",\"@id\":\"https:\\\/\\\/www.marignycapital.com\\\/en\\\/#website\",\"url\":\"https:\\\/\\\/www.marignycapital.com\\\/en\\\/\",\"name\":\"Marigny Capital\",\"description\":\"Leader en solutions d&#039;investissements\",\"publisher\":{\"@id\":\"https:\\\/\\\/www.marignycapital.com\\\/en\\\/#organization\"},\"potentialAction\":[{\"@type\":\"SearchAction\",\"target\":{\"@type\":\"EntryPoint\",\"urlTemplate\":\"https:\\\/\\\/www.marignycapital.com\\\/en\\\/?s={search_term_string}\"},\"query-input\":{\"@type\":\"PropertyValueSpecification\",\"valueRequired\":true,\"valueName\":\"search_term_string\"}}],\"inLanguage\":\"en-US\"},{\"@type\":\"Organization\",\"@id\":\"https:\\\/\\\/www.marignycapital.com\\\/en\\\/#organization\",\"name\":\"Marigny Capital\",\"url\":\"https:\\\/\\\/www.marignycapital.com\\\/en\\\/\",\"logo\":{\"@type\":\"ImageObject\",\"inLanguage\":\"en-US\",\"@id\":\"https:\\\/\\\/www.marignycapital.com\\\/en\\\/#\\\/schema\\\/logo\\\/image\\\/\",\"url\":\"https:\\\/\\\/www.marignycapital.com\\\/wp-content\\\/uploads\\\/2020\\\/07\\\/logo-marigny-capital.png\",\"contentUrl\":\"https:\\\/\\\/www.marignycapital.com\\\/wp-content\\\/uploads\\\/2020\\\/07\\\/logo-marigny-capital.png\",\"width\":428,\"height\":172,\"caption\":\"Marigny Capital\"},\"image\":{\"@id\":\"https:\\\/\\\/www.marignycapital.com\\\/en\\\/#\\\/schema\\\/logo\\\/image\\\/\"},\"sameAs\":[\"https:\\\/\\\/x.com\\\/marignycapital\",\"https:\\\/\\\/www.linkedin.com\\\/company\\\/marigny-capital\\\/\",\"https:\\\/\\\/www.youtube.com\\\/channel\\\/UC1vzOrmAYYtQTCAMbKOab3w\"]}]}<\/script>\n<!-- \/ Yoast SEO plugin. -->","yoast_head_json":{"title":"Imprint | Marigny Capital","robots":{"index":"index","follow":"follow","max-snippet":"max-snippet:-1","max-image-preview":"max-image-preview:large","max-video-preview":"max-video-preview:-1"},"canonical":"https:\/\/www.marignycapital.com\/en\/impressum\/","og_locale":"en_US","og_type":"article","og_title":"Imprint | Marigny Capital","og_description":"Cette imprint a \u00e9t\u00e9 mise \u00e0 jour pour la derni\u00e8re fois le 10\/02\/2022. Le propri\u00e9taire de ce site web est\u00a0: Marigny Capital 9 RUE DE LA PAIX 75002 PARIS France E-mail\u00a0:\u00a0moc.latipacyngiram@tcatnoc Num\u00e9ro de t\u00e9l\u00e9phone: +33 1 53 43 09 30 VAT ID:\u00a0FR27790309736 Le(s) repr\u00e9sentant(s) l\u00e9gal(aux) de Marigny Capital \u00a0: Xavier Huttepain 1. G\u00e9n\u00e9ral 1.1 Nous [&hellip;]","og_url":"https:\/\/www.marignycapital.com\/en\/impressum\/","og_site_name":"Marigny Capital","article_modified_time":"2022-02-11T14:23:40+00:00","twitter_card":"summary_large_image","twitter_site":"@marignycapital","twitter_misc":{"Est. reading time":"1 minute"},"schema":{"@context":"https:\/\/schema.org","@graph":[{"@type":"WebPage","@id":"https:\/\/www.marignycapital.com\/en\/impressum\/","url":"https:\/\/www.marignycapital.com\/en\/impressum\/","name":"Imprint | Marigny Capital","isPartOf":{"@id":"https:\/\/www.marignycapital.com\/en\/#website"},"datePublished":"2021-04-13T13:44:14+00:00","dateModified":"2022-02-11T14:23:40+00:00","breadcrumb":{"@id":"https:\/\/www.marignycapital.com\/en\/impressum\/#breadcrumb"},"inLanguage":"en-US","potentialAction":[{"@type":"ReadAction","target":["https:\/\/www.marignycapital.com\/en\/impressum\/"]}]},{"@type":"BreadcrumbList","@id":"https:\/\/www.marignycapital.com\/en\/impressum\/#breadcrumb","itemListElement":[{"@type":"ListItem","position":1,"name":"Home","item":"https:\/\/www.marignycapital.com\/en\/"},{"@type":"ListItem","position":2,"name":"Imprint"}]},{"@type":"WebSite","@id":"https:\/\/www.marignycapital.com\/en\/#website","url":"https:\/\/www.marignycapital.com\/en\/","name":"Marigny Capital","description":"Leader en solutions d&#039;investissements","publisher":{"@id":"https:\/\/www.marignycapital.com\/en\/#organization"},"potentialAction":[{"@type":"SearchAction","target":{"@type":"EntryPoint","urlTemplate":"https:\/\/www.marignycapital.com\/en\/?s={search_term_string}"},"query-input":{"@type":"PropertyValueSpecification","valueRequired":true,"valueName":"search_term_string"}}],"inLanguage":"en-US"},{"@type":"Organization","@id":"https:\/\/www.marignycapital.com\/en\/#organization","name":"Marigny Capital","url":"https:\/\/www.marignycapital.com\/en\/","logo":{"@type":"ImageObject","inLanguage":"en-US","@id":"https:\/\/www.marignycapital.com\/en\/#\/schema\/logo\/image\/","url":"https:\/\/www.marignycapital.com\/wp-content\/uploads\/2020\/07\/logo-marigny-capital.png","contentUrl":"https:\/\/www.marignycapital.com\/wp-content\/uploads\/2020\/07\/logo-marigny-capital.png","width":428,"height":172,"caption":"Marigny Capital"},"image":{"@id":"https:\/\/www.marignycapital.com\/en\/#\/schema\/logo\/image\/"},"sameAs":["https:\/\/x.com\/marignycapital","https:\/\/www.linkedin.com\/company\/marigny-capital\/","https:\/\/www.youtube.com\/channel\/UC1vzOrmAYYtQTCAMbKOab3w"]}]}},"_links":{"self":[{"href":"https:\/\/www.marignycapital.com\/en\/wp-json\/wp\/v2\/pages\/5229","targetHints":{"allow":["GET"]}}],"collection":[{"href":"https:\/\/www.marignycapital.com\/en\/wp-json\/wp\/v2\/pages"}],"about":[{"href":"https:\/\/www.marignycapital.com\/en\/wp-json\/wp\/v2\/types\/page"}],"author":[{"embeddable":true,"href":"https:\/\/www.marignycapital.com\/en\/wp-json\/wp\/v2\/users\/1"}],"replies":[{"embeddable":true,"href":"https:\/\/www.marignycapital.com\/en\/wp-json\/wp\/v2\/comments?post=5229"}],"version-history":[{"count":34,"href":"https:\/\/www.marignycapital.com\/en\/wp-json\/wp\/v2\/pages\/5229\/revisions"}],"predecessor-version":[{"id":5379,"href":"https:\/\/www.marignycapital.com\/en\/wp-json\/wp\/v2\/pages\/5229\/revisions\/5379"}],"wp:attachment":[{"href":"https:\/\/www.marignycapital.com\/en\/wp-json\/wp\/v2\/media?parent=5229"}],"curies":[{"name":"wp","href":"https:\/\/api.w.org\/{rel}","templated":true}]}}