{"id":2154,"date":"2020-07-27T09:10:53","date_gmt":"2020-07-27T09:10:53","guid":{"rendered":"https:\/\/www.marignycapital.com\/legales\/"},"modified":"2021-03-08T14:06:37","modified_gmt":"2021-03-08T14:06:37","slug":"rechtshinweise","status":"publish","type":"page","link":"https:\/\/www.marignycapital.com\/de\/rechtshinweise\/","title":{"rendered":"Rechtshinweise"},"content":{"rendered":"\r\n<p class=\"has-medium-font-size\">Diese Website ist Eigentum der Gesellschaft MARIGNY CAPITAL, Aktiengesellschaft franz\u00f6sischen Rechts mit einem Kapital von 800.000 Euro und Sitz 9 rue de la Paix, 75002 Paris, Frankreich, eingetragen in das Handelsregister Paris unter der Nummer 790 309 736.<\/p>\r\n\r\n\r\n<hr class=\"wp-block-separator\" \/>\r\n\r\n\r\n<p>Die in dieser Website ver\u00f6ffentlichten Informationen, Analysen, Daten und Kurse sind unverbindlich, haben keinen vertraglichen Charakter und k\u00f6nnen sich ohne Vorank\u00fcndigung \u00e4ndern. Sie stellen weder ein Kauf- oder Verkaufsangebot noch Finanzberatung oder eine Verpflichtung irgendeiner Art durch Marigny Capital dar.<\/p>\r\n<p>Der Zugriff auf die in dieser Website beschriebenen Produkte und Dienstleistungen kann f\u00fcr bestimmte Personen bzw. in bestimmten L\u00e4ndern eingeschr\u00e4nkt sein. Marigny Capital darf die aufgef\u00fchrten Produkte und Dienstleistungen keinesfalls Personen anbieten, wenn dies durch die Gesetze von deren Herkunftsl\u00e4ndern oder die Gesetze anderer L\u00e4nder, die f\u00fcr sie oder die Produkte bzw. Dienstleistungen gelten, untersagt ist. Die Internetbenutzer sind allein daf\u00fcr verantwortlich, sicherzustellen, dass sie von Gesetzes wegen berechtigt sind, diese Website zu nutzen bzw. in dem Land, in dem sie ans\u00e4ssig sind, ein Produkt zu zeichnen oder eine Dienstleistung in Anspruch zu nehmen, und sie m\u00fcssen sich \u00fcber die steuerliche Behandlung ihrer Anlage informieren. Die Nutzer sind f\u00fcr die Einhaltung der f\u00fcr sie geltenden Gesetze und\/oder Vorschriften verantwortlich.<\/p>\r\n","protected":false},"excerpt":{"rendered":"<p>Diese Website ist Eigentum der Gesellschaft MARIGNY CAPITAL, Aktiengesellschaft franz\u00f6sischen Rechts mit einem Kapital von 800.000 Euro und Sitz 9 rue de la Paix, 75002 Paris, Frankreich, eingetragen in das Handelsregister Paris unter der Nummer 790 309 736. Die in dieser Website ver\u00f6ffentlichten Informationen, Analysen, Daten und Kurse sind unverbindlich, haben keinen vertraglichen Charakter und [&hellip;]<\/p>\n","protected":false},"author":2,"featured_media":0,"parent":0,"menu_order":0,"comment_status":"closed","ping_status":"closed","template":"custom-pages\/legales.php","meta":{"_acf_changed":false,"footnotes":""},"class_list":["post-2154","page","type-page","status-publish","hentry"],"acf":[],"yoast_head":"<!-- This site is optimized with the Yoast SEO plugin v27.3 - https:\/\/yoast.com\/product\/yoast-seo-wordpress\/ -->\n<title>Mentions l\u00e9gales et r\u00e9glementaires | Marigny Capital<\/title>\n<meta name=\"description\" content=\"Mentions l\u00e9gales et r\u00e9glementaires | Marigny Capital\" \/>\n<meta name=\"robots\" content=\"index, follow, max-snippet:-1, max-image-preview:large, max-video-preview:-1\" \/>\n<link rel=\"canonical\" href=\"https:\/\/www.marignycapital.com\/de\/rechtshinweise\/\" \/>\n<meta property=\"og:locale\" content=\"de_DE\" \/>\n<meta property=\"og:type\" content=\"article\" \/>\n<meta property=\"og:title\" content=\"Mentions l\u00e9gales et r\u00e9glementaires | Marigny Capital\" \/>\n<meta property=\"og:description\" content=\"Mentions l\u00e9gales et r\u00e9glementaires | Marigny Capital\" \/>\n<meta property=\"og:url\" content=\"https:\/\/www.marignycapital.com\/de\/rechtshinweise\/\" \/>\n<meta property=\"og:site_name\" content=\"Marigny Capital\" \/>\n<meta property=\"article:modified_time\" content=\"2021-03-08T14:06:37+00:00\" \/>\n<meta name=\"twitter:card\" content=\"summary_large_image\" \/>\n<meta name=\"twitter:site\" content=\"@marignycapital\" \/>\n<meta name=\"twitter:label1\" content=\"Gesch\u00e4tzte Lesezeit\" \/>\n\t<meta name=\"twitter:data1\" content=\"1\u00a0Minute\" \/>\n<script type=\"application\/ld+json\" class=\"yoast-schema-graph\">{\"@context\":\"https:\\\/\\\/schema.org\",\"@graph\":[{\"@type\":\"WebPage\",\"@id\":\"https:\\\/\\\/www.marignycapital.com\\\/de\\\/rechtshinweise\\\/\",\"url\":\"https:\\\/\\\/www.marignycapital.com\\\/de\\\/rechtshinweise\\\/\",\"name\":\"Mentions l\u00e9gales et r\u00e9glementaires | Marigny Capital\",\"isPartOf\":{\"@id\":\"https:\\\/\\\/www.marignycapital.com\\\/de\\\/#website\"},\"datePublished\":\"2020-07-27T09:10:53+00:00\",\"dateModified\":\"2021-03-08T14:06:37+00:00\",\"description\":\"Mentions l\u00e9gales et r\u00e9glementaires | Marigny Capital\",\"breadcrumb\":{\"@id\":\"https:\\\/\\\/www.marignycapital.com\\\/de\\\/rechtshinweise\\\/#breadcrumb\"},\"inLanguage\":\"de\",\"potentialAction\":[{\"@type\":\"ReadAction\",\"target\":[\"https:\\\/\\\/www.marignycapital.com\\\/de\\\/rechtshinweise\\\/\"]}]},{\"@type\":\"BreadcrumbList\",\"@id\":\"https:\\\/\\\/www.marignycapital.com\\\/de\\\/rechtshinweise\\\/#breadcrumb\",\"itemListElement\":[{\"@type\":\"ListItem\",\"position\":1,\"name\":\"Startseite\",\"item\":\"https:\\\/\\\/www.marignycapital.com\\\/de\\\/\"},{\"@type\":\"ListItem\",\"position\":2,\"name\":\"Rechtshinweise\"}]},{\"@type\":\"WebSite\",\"@id\":\"https:\\\/\\\/www.marignycapital.com\\\/de\\\/#website\",\"url\":\"https:\\\/\\\/www.marignycapital.com\\\/de\\\/\",\"name\":\"Marigny Capital\",\"description\":\"Leader en solutions d&#039;investissements\",\"publisher\":{\"@id\":\"https:\\\/\\\/www.marignycapital.com\\\/de\\\/#organization\"},\"potentialAction\":[{\"@type\":\"SearchAction\",\"target\":{\"@type\":\"EntryPoint\",\"urlTemplate\":\"https:\\\/\\\/www.marignycapital.com\\\/de\\\/?s={search_term_string}\"},\"query-input\":{\"@type\":\"PropertyValueSpecification\",\"valueRequired\":true,\"valueName\":\"search_term_string\"}}],\"inLanguage\":\"de\"},{\"@type\":\"Organization\",\"@id\":\"https:\\\/\\\/www.marignycapital.com\\\/de\\\/#organization\",\"name\":\"Marigny Capital\",\"url\":\"https:\\\/\\\/www.marignycapital.com\\\/de\\\/\",\"logo\":{\"@type\":\"ImageObject\",\"inLanguage\":\"de\",\"@id\":\"https:\\\/\\\/www.marignycapital.com\\\/de\\\/#\\\/schema\\\/logo\\\/image\\\/\",\"url\":\"https:\\\/\\\/www.marignycapital.com\\\/wp-content\\\/uploads\\\/2020\\\/07\\\/logo-marigny-capital.png\",\"contentUrl\":\"https:\\\/\\\/www.marignycapital.com\\\/wp-content\\\/uploads\\\/2020\\\/07\\\/logo-marigny-capital.png\",\"width\":428,\"height\":172,\"caption\":\"Marigny Capital\"},\"image\":{\"@id\":\"https:\\\/\\\/www.marignycapital.com\\\/de\\\/#\\\/schema\\\/logo\\\/image\\\/\"},\"sameAs\":[\"https:\\\/\\\/x.com\\\/marignycapital\",\"https:\\\/\\\/www.linkedin.com\\\/company\\\/marigny-capital\\\/\",\"https:\\\/\\\/www.youtube.com\\\/channel\\\/UC1vzOrmAYYtQTCAMbKOab3w\"]}]}<\/script>\n<!-- \/ Yoast SEO plugin. -->","yoast_head_json":{"title":"Mentions l\u00e9gales et r\u00e9glementaires | Marigny Capital","description":"Mentions l\u00e9gales et r\u00e9glementaires | Marigny Capital","robots":{"index":"index","follow":"follow","max-snippet":"max-snippet:-1","max-image-preview":"max-image-preview:large","max-video-preview":"max-video-preview:-1"},"canonical":"https:\/\/www.marignycapital.com\/de\/rechtshinweise\/","og_locale":"de_DE","og_type":"article","og_title":"Mentions l\u00e9gales et r\u00e9glementaires | Marigny Capital","og_description":"Mentions l\u00e9gales et r\u00e9glementaires | Marigny Capital","og_url":"https:\/\/www.marignycapital.com\/de\/rechtshinweise\/","og_site_name":"Marigny Capital","article_modified_time":"2021-03-08T14:06:37+00:00","twitter_card":"summary_large_image","twitter_site":"@marignycapital","twitter_misc":{"Gesch\u00e4tzte Lesezeit":"1\u00a0Minute"},"schema":{"@context":"https:\/\/schema.org","@graph":[{"@type":"WebPage","@id":"https:\/\/www.marignycapital.com\/de\/rechtshinweise\/","url":"https:\/\/www.marignycapital.com\/de\/rechtshinweise\/","name":"Mentions l\u00e9gales et r\u00e9glementaires | Marigny Capital","isPartOf":{"@id":"https:\/\/www.marignycapital.com\/de\/#website"},"datePublished":"2020-07-27T09:10:53+00:00","dateModified":"2021-03-08T14:06:37+00:00","description":"Mentions l\u00e9gales et r\u00e9glementaires | Marigny Capital","breadcrumb":{"@id":"https:\/\/www.marignycapital.com\/de\/rechtshinweise\/#breadcrumb"},"inLanguage":"de","potentialAction":[{"@type":"ReadAction","target":["https:\/\/www.marignycapital.com\/de\/rechtshinweise\/"]}]},{"@type":"BreadcrumbList","@id":"https:\/\/www.marignycapital.com\/de\/rechtshinweise\/#breadcrumb","itemListElement":[{"@type":"ListItem","position":1,"name":"Startseite","item":"https:\/\/www.marignycapital.com\/de\/"},{"@type":"ListItem","position":2,"name":"Rechtshinweise"}]},{"@type":"WebSite","@id":"https:\/\/www.marignycapital.com\/de\/#website","url":"https:\/\/www.marignycapital.com\/de\/","name":"Marigny Capital","description":"Leader en solutions d&#039;investissements","publisher":{"@id":"https:\/\/www.marignycapital.com\/de\/#organization"},"potentialAction":[{"@type":"SearchAction","target":{"@type":"EntryPoint","urlTemplate":"https:\/\/www.marignycapital.com\/de\/?s={search_term_string}"},"query-input":{"@type":"PropertyValueSpecification","valueRequired":true,"valueName":"search_term_string"}}],"inLanguage":"de"},{"@type":"Organization","@id":"https:\/\/www.marignycapital.com\/de\/#organization","name":"Marigny Capital","url":"https:\/\/www.marignycapital.com\/de\/","logo":{"@type":"ImageObject","inLanguage":"de","@id":"https:\/\/www.marignycapital.com\/de\/#\/schema\/logo\/image\/","url":"https:\/\/www.marignycapital.com\/wp-content\/uploads\/2020\/07\/logo-marigny-capital.png","contentUrl":"https:\/\/www.marignycapital.com\/wp-content\/uploads\/2020\/07\/logo-marigny-capital.png","width":428,"height":172,"caption":"Marigny Capital"},"image":{"@id":"https:\/\/www.marignycapital.com\/de\/#\/schema\/logo\/image\/"},"sameAs":["https:\/\/x.com\/marignycapital","https:\/\/www.linkedin.com\/company\/marigny-capital\/","https:\/\/www.youtube.com\/channel\/UC1vzOrmAYYtQTCAMbKOab3w"]}]}},"_links":{"self":[{"href":"https:\/\/www.marignycapital.com\/de\/wp-json\/wp\/v2\/pages\/2154","targetHints":{"allow":["GET"]}}],"collection":[{"href":"https:\/\/www.marignycapital.com\/de\/wp-json\/wp\/v2\/pages"}],"about":[{"href":"https:\/\/www.marignycapital.com\/de\/wp-json\/wp\/v2\/types\/page"}],"author":[{"embeddable":true,"href":"https:\/\/www.marignycapital.com\/de\/wp-json\/wp\/v2\/users\/2"}],"replies":[{"embeddable":true,"href":"https:\/\/www.marignycapital.com\/de\/wp-json\/wp\/v2\/comments?post=2154"}],"version-history":[{"count":3,"href":"https:\/\/www.marignycapital.com\/de\/wp-json\/wp\/v2\/pages\/2154\/revisions"}],"predecessor-version":[{"id":2157,"href":"https:\/\/www.marignycapital.com\/de\/wp-json\/wp\/v2\/pages\/2154\/revisions\/2157"}],"wp:attachment":[{"href":"https:\/\/www.marignycapital.com\/de\/wp-json\/wp\/v2\/media?parent=2154"}],"curies":[{"name":"wp","href":"https:\/\/api.w.org\/{rel}","templated":true}]}}