{"id":1530,"date":"2020-07-27T19:26:00","date_gmt":"2020-07-27T19:26:00","guid":{"rendered":"https:\/\/www.marignycapital.com\/home-page\/"},"modified":"2022-01-07T10:19:11","modified_gmt":"2022-01-07T10:19:11","slug":"home-page","status":"publish","type":"page","link":"https:\/\/www.marignycapital.com\/de\/","title":{"rendered":"Home"},"content":{"rendered":"","protected":false},"excerpt":{"rendered":"","protected":false},"author":2,"featured_media":0,"parent":0,"menu_order":0,"comment_status":"closed","ping_status":"closed","template":"custom-pages\/home.php","meta":{"_acf_changed":false,"footnotes":""},"class_list":["post-1530","page","type-page","status-publish","hentry"],"acf":[],"yoast_head":"<!-- This site is optimized with the Yoast SEO plugin v27.3 - https:\/\/yoast.com\/product\/yoast-seo-wordpress\/ -->\n<title>Marigny Capital | Leader en solutions d&#039;investissements<\/title>\n<meta name=\"description\" content=\"Marigny Capital \u2013 F\u00fchrend in der Konzipierung und Auswahl von Anlagel\u00f6sungen f\u00fcr professionelle Anleger\" \/>\n<meta name=\"robots\" content=\"index, follow, max-snippet:-1, max-image-preview:large, max-video-preview:-1\" \/>\n<link rel=\"canonical\" href=\"https:\/\/www.marignycapital.com\/de\/\" \/>\n<meta property=\"og:locale\" content=\"de_DE\" \/>\n<meta property=\"og:type\" content=\"article\" \/>\n<meta property=\"og:title\" content=\"Marigny Capital | Leader en solutions d&#039;investissements\" \/>\n<meta property=\"og:description\" content=\"Marigny Capital \u2013 F\u00fchrend in der Konzipierung und Auswahl von Anlagel\u00f6sungen f\u00fcr professionelle Anleger\" \/>\n<meta property=\"og:url\" content=\"https:\/\/www.marignycapital.com\/de\/\" \/>\n<meta property=\"og:site_name\" content=\"Marigny Capital\" \/>\n<meta property=\"article:modified_time\" content=\"2022-01-07T10:19:11+00:00\" \/>\n<meta name=\"twitter:card\" content=\"summary_large_image\" \/>\n<meta name=\"twitter:site\" content=\"@marignycapital\" \/>\n<script type=\"application\/ld+json\" class=\"yoast-schema-graph\">{\"@context\":\"https:\\\/\\\/schema.org\",\"@graph\":[{\"@type\":\"WebPage\",\"@id\":\"https:\\\/\\\/www.marignycapital.com\\\/de\\\/\",\"url\":\"https:\\\/\\\/www.marignycapital.com\\\/de\\\/\",\"name\":\"Marigny Capital | Leader en solutions d'investissements\",\"isPartOf\":{\"@id\":\"https:\\\/\\\/www.marignycapital.com\\\/de\\\/#website\"},\"datePublished\":\"2020-07-27T19:26:00+00:00\",\"dateModified\":\"2022-01-07T10:19:11+00:00\",\"description\":\"Marigny Capital \u2013 F\u00fchrend in der Konzipierung und Auswahl von Anlagel\u00f6sungen f\u00fcr professionelle Anleger\",\"breadcrumb\":{\"@id\":\"https:\\\/\\\/www.marignycapital.com\\\/de\\\/#breadcrumb\"},\"inLanguage\":\"de\",\"potentialAction\":[{\"@type\":\"ReadAction\",\"target\":[\"https:\\\/\\\/www.marignycapital.com\\\/de\\\/\"]}]},{\"@type\":\"BreadcrumbList\",\"@id\":\"https:\\\/\\\/www.marignycapital.com\\\/de\\\/#breadcrumb\",\"itemListElement\":[{\"@type\":\"ListItem\",\"position\":1,\"name\":\"Startseite\",\"item\":\"https:\\\/\\\/www.marignycapital.com\\\/de\\\/\"},{\"@type\":\"ListItem\",\"position\":2,\"name\":\"Home\"}]},{\"@type\":\"WebSite\",\"@id\":\"https:\\\/\\\/www.marignycapital.com\\\/de\\\/#website\",\"url\":\"https:\\\/\\\/www.marignycapital.com\\\/de\\\/\",\"name\":\"Marigny Capital\",\"description\":\"Leader en solutions d&#039;investissements\",\"publisher\":{\"@id\":\"https:\\\/\\\/www.marignycapital.com\\\/de\\\/#organization\"},\"potentialAction\":[{\"@type\":\"SearchAction\",\"target\":{\"@type\":\"EntryPoint\",\"urlTemplate\":\"https:\\\/\\\/www.marignycapital.com\\\/de\\\/?s={search_term_string}\"},\"query-input\":{\"@type\":\"PropertyValueSpecification\",\"valueRequired\":true,\"valueName\":\"search_term_string\"}}],\"inLanguage\":\"de\"},{\"@type\":\"Organization\",\"@id\":\"https:\\\/\\\/www.marignycapital.com\\\/de\\\/#organization\",\"name\":\"Marigny Capital\",\"url\":\"https:\\\/\\\/www.marignycapital.com\\\/de\\\/\",\"logo\":{\"@type\":\"ImageObject\",\"inLanguage\":\"de\",\"@id\":\"https:\\\/\\\/www.marignycapital.com\\\/de\\\/#\\\/schema\\\/logo\\\/image\\\/\",\"url\":\"https:\\\/\\\/www.marignycapital.com\\\/wp-content\\\/uploads\\\/2020\\\/07\\\/logo-marigny-capital.png\",\"contentUrl\":\"https:\\\/\\\/www.marignycapital.com\\\/wp-content\\\/uploads\\\/2020\\\/07\\\/logo-marigny-capital.png\",\"width\":428,\"height\":172,\"caption\":\"Marigny Capital\"},\"image\":{\"@id\":\"https:\\\/\\\/www.marignycapital.com\\\/de\\\/#\\\/schema\\\/logo\\\/image\\\/\"},\"sameAs\":[\"https:\\\/\\\/x.com\\\/marignycapital\",\"https:\\\/\\\/www.linkedin.com\\\/company\\\/marigny-capital\\\/\",\"https:\\\/\\\/www.youtube.com\\\/channel\\\/UC1vzOrmAYYtQTCAMbKOab3w\"]}]}<\/script>\n<!-- \/ Yoast SEO plugin. -->","yoast_head_json":{"title":"Marigny Capital | Leader en solutions d'investissements","description":"Marigny Capital \u2013 F\u00fchrend in der Konzipierung und Auswahl von Anlagel\u00f6sungen f\u00fcr professionelle Anleger","robots":{"index":"index","follow":"follow","max-snippet":"max-snippet:-1","max-image-preview":"max-image-preview:large","max-video-preview":"max-video-preview:-1"},"canonical":"https:\/\/www.marignycapital.com\/de\/","og_locale":"de_DE","og_type":"article","og_title":"Marigny Capital | Leader en solutions d'investissements","og_description":"Marigny Capital \u2013 F\u00fchrend in der Konzipierung und Auswahl von Anlagel\u00f6sungen f\u00fcr professionelle Anleger","og_url":"https:\/\/www.marignycapital.com\/de\/","og_site_name":"Marigny Capital","article_modified_time":"2022-01-07T10:19:11+00:00","twitter_card":"summary_large_image","twitter_site":"@marignycapital","schema":{"@context":"https:\/\/schema.org","@graph":[{"@type":"WebPage","@id":"https:\/\/www.marignycapital.com\/de\/","url":"https:\/\/www.marignycapital.com\/de\/","name":"Marigny Capital | Leader en solutions d'investissements","isPartOf":{"@id":"https:\/\/www.marignycapital.com\/de\/#website"},"datePublished":"2020-07-27T19:26:00+00:00","dateModified":"2022-01-07T10:19:11+00:00","description":"Marigny Capital \u2013 F\u00fchrend in der Konzipierung und Auswahl von Anlagel\u00f6sungen f\u00fcr professionelle Anleger","breadcrumb":{"@id":"https:\/\/www.marignycapital.com\/de\/#breadcrumb"},"inLanguage":"de","potentialAction":[{"@type":"ReadAction","target":["https:\/\/www.marignycapital.com\/de\/"]}]},{"@type":"BreadcrumbList","@id":"https:\/\/www.marignycapital.com\/de\/#breadcrumb","itemListElement":[{"@type":"ListItem","position":1,"name":"Startseite","item":"https:\/\/www.marignycapital.com\/de\/"},{"@type":"ListItem","position":2,"name":"Home"}]},{"@type":"WebSite","@id":"https:\/\/www.marignycapital.com\/de\/#website","url":"https:\/\/www.marignycapital.com\/de\/","name":"Marigny Capital","description":"Leader en solutions d&#039;investissements","publisher":{"@id":"https:\/\/www.marignycapital.com\/de\/#organization"},"potentialAction":[{"@type":"SearchAction","target":{"@type":"EntryPoint","urlTemplate":"https:\/\/www.marignycapital.com\/de\/?s={search_term_string}"},"query-input":{"@type":"PropertyValueSpecification","valueRequired":true,"valueName":"search_term_string"}}],"inLanguage":"de"},{"@type":"Organization","@id":"https:\/\/www.marignycapital.com\/de\/#organization","name":"Marigny Capital","url":"https:\/\/www.marignycapital.com\/de\/","logo":{"@type":"ImageObject","inLanguage":"de","@id":"https:\/\/www.marignycapital.com\/de\/#\/schema\/logo\/image\/","url":"https:\/\/www.marignycapital.com\/wp-content\/uploads\/2020\/07\/logo-marigny-capital.png","contentUrl":"https:\/\/www.marignycapital.com\/wp-content\/uploads\/2020\/07\/logo-marigny-capital.png","width":428,"height":172,"caption":"Marigny Capital"},"image":{"@id":"https:\/\/www.marignycapital.com\/de\/#\/schema\/logo\/image\/"},"sameAs":["https:\/\/x.com\/marignycapital","https:\/\/www.linkedin.com\/company\/marigny-capital\/","https:\/\/www.youtube.com\/channel\/UC1vzOrmAYYtQTCAMbKOab3w"]}]}},"_links":{"self":[{"href":"https:\/\/www.marignycapital.com\/de\/wp-json\/wp\/v2\/pages\/1530","targetHints":{"allow":["GET"]}}],"collection":[{"href":"https:\/\/www.marignycapital.com\/de\/wp-json\/wp\/v2\/pages"}],"about":[{"href":"https:\/\/www.marignycapital.com\/de\/wp-json\/wp\/v2\/types\/page"}],"author":[{"embeddable":true,"href":"https:\/\/www.marignycapital.com\/de\/wp-json\/wp\/v2\/users\/2"}],"replies":[{"embeddable":true,"href":"https:\/\/www.marignycapital.com\/de\/wp-json\/wp\/v2\/comments?post=1530"}],"version-history":[{"count":14,"href":"https:\/\/www.marignycapital.com\/de\/wp-json\/wp\/v2\/pages\/1530\/revisions"}],"predecessor-version":[{"id":5159,"href":"https:\/\/www.marignycapital.com\/de\/wp-json\/wp\/v2\/pages\/1530\/revisions\/5159"}],"wp:attachment":[{"href":"https:\/\/www.marignycapital.com\/de\/wp-json\/wp\/v2\/media?parent=1530"}],"curies":[{"name":"wp","href":"https:\/\/api.w.org\/{rel}","templated":true}]}}