{"id":1455,"date":"2020-07-23T06:34:18","date_gmt":"2020-07-23T06:34:18","guid":{"rendered":"https:\/\/www.marignycapital.com\/carriere\/"},"modified":"2021-04-06T08:27:11","modified_gmt":"2021-04-06T08:27:11","slug":"karriere","status":"publish","type":"page","link":"https:\/\/www.marignycapital.com\/de\/karriere\/","title":{"rendered":"Karriere"},"content":{"rendered":"","protected":false},"excerpt":{"rendered":"","protected":false},"author":2,"featured_media":0,"parent":0,"menu_order":0,"comment_status":"closed","ping_status":"closed","template":"custom-pages\/carriere.php","meta":{"_acf_changed":false,"footnotes":""},"class_list":["post-1455","page","type-page","status-publish","hentry"],"acf":[],"yoast_head":"<!-- This site is optimized with the Yoast SEO plugin v27.3 - https:\/\/yoast.com\/product\/yoast-seo-wordpress\/ -->\n<title>Marigny Capital recrute | Cabinet de conseil en gestion de patrimoine<\/title>\n<meta name=\"description\" content=\"Sie interessieren sich f\u00fcr eine T\u00e4tigkeit bei uns? Informieren Sie sich \u00fcber unsere Angebote !\" \/>\n<meta name=\"robots\" content=\"index, follow, max-snippet:-1, max-image-preview:large, max-video-preview:-1\" \/>\n<link rel=\"canonical\" href=\"https:\/\/www.marignycapital.com\/de\/karriere\/\" \/>\n<meta property=\"og:locale\" content=\"de_DE\" \/>\n<meta property=\"og:type\" content=\"article\" \/>\n<meta property=\"og:title\" content=\"Marigny Capital recrute | Cabinet de conseil en gestion de patrimoine\" \/>\n<meta property=\"og:description\" content=\"Sie interessieren sich f\u00fcr eine T\u00e4tigkeit bei uns? Informieren Sie sich \u00fcber unsere Angebote !\" \/>\n<meta property=\"og:url\" content=\"https:\/\/www.marignycapital.com\/de\/karriere\/\" \/>\n<meta property=\"og:site_name\" content=\"Marigny Capital\" \/>\n<meta property=\"article:modified_time\" content=\"2021-04-06T08:27:11+00:00\" \/>\n<meta name=\"twitter:card\" content=\"summary_large_image\" \/>\n<meta name=\"twitter:site\" content=\"@marignycapital\" \/>\n<script type=\"application\/ld+json\" class=\"yoast-schema-graph\">{\"@context\":\"https:\\\/\\\/schema.org\",\"@graph\":[{\"@type\":\"WebPage\",\"@id\":\"https:\\\/\\\/www.marignycapital.com\\\/de\\\/karriere\\\/\",\"url\":\"https:\\\/\\\/www.marignycapital.com\\\/de\\\/karriere\\\/\",\"name\":\"Marigny Capital recrute | Cabinet de conseil en gestion de patrimoine\",\"isPartOf\":{\"@id\":\"https:\\\/\\\/www.marignycapital.com\\\/de\\\/#website\"},\"datePublished\":\"2020-07-23T06:34:18+00:00\",\"dateModified\":\"2021-04-06T08:27:11+00:00\",\"description\":\"Sie interessieren sich f\u00fcr eine T\u00e4tigkeit bei uns? Informieren Sie sich \u00fcber unsere Angebote !\",\"breadcrumb\":{\"@id\":\"https:\\\/\\\/www.marignycapital.com\\\/de\\\/karriere\\\/#breadcrumb\"},\"inLanguage\":\"de\",\"potentialAction\":[{\"@type\":\"ReadAction\",\"target\":[\"https:\\\/\\\/www.marignycapital.com\\\/de\\\/karriere\\\/\"]}]},{\"@type\":\"BreadcrumbList\",\"@id\":\"https:\\\/\\\/www.marignycapital.com\\\/de\\\/karriere\\\/#breadcrumb\",\"itemListElement\":[{\"@type\":\"ListItem\",\"position\":1,\"name\":\"Startseite\",\"item\":\"https:\\\/\\\/www.marignycapital.com\\\/de\\\/\"},{\"@type\":\"ListItem\",\"position\":2,\"name\":\"Karriere\"}]},{\"@type\":\"WebSite\",\"@id\":\"https:\\\/\\\/www.marignycapital.com\\\/de\\\/#website\",\"url\":\"https:\\\/\\\/www.marignycapital.com\\\/de\\\/\",\"name\":\"Marigny Capital\",\"description\":\"Leader en solutions d&#039;investissements\",\"publisher\":{\"@id\":\"https:\\\/\\\/www.marignycapital.com\\\/de\\\/#organization\"},\"potentialAction\":[{\"@type\":\"SearchAction\",\"target\":{\"@type\":\"EntryPoint\",\"urlTemplate\":\"https:\\\/\\\/www.marignycapital.com\\\/de\\\/?s={search_term_string}\"},\"query-input\":{\"@type\":\"PropertyValueSpecification\",\"valueRequired\":true,\"valueName\":\"search_term_string\"}}],\"inLanguage\":\"de\"},{\"@type\":\"Organization\",\"@id\":\"https:\\\/\\\/www.marignycapital.com\\\/de\\\/#organization\",\"name\":\"Marigny Capital\",\"url\":\"https:\\\/\\\/www.marignycapital.com\\\/de\\\/\",\"logo\":{\"@type\":\"ImageObject\",\"inLanguage\":\"de\",\"@id\":\"https:\\\/\\\/www.marignycapital.com\\\/de\\\/#\\\/schema\\\/logo\\\/image\\\/\",\"url\":\"https:\\\/\\\/www.marignycapital.com\\\/wp-content\\\/uploads\\\/2020\\\/07\\\/logo-marigny-capital.png\",\"contentUrl\":\"https:\\\/\\\/www.marignycapital.com\\\/wp-content\\\/uploads\\\/2020\\\/07\\\/logo-marigny-capital.png\",\"width\":428,\"height\":172,\"caption\":\"Marigny Capital\"},\"image\":{\"@id\":\"https:\\\/\\\/www.marignycapital.com\\\/de\\\/#\\\/schema\\\/logo\\\/image\\\/\"},\"sameAs\":[\"https:\\\/\\\/x.com\\\/marignycapital\",\"https:\\\/\\\/www.linkedin.com\\\/company\\\/marigny-capital\\\/\",\"https:\\\/\\\/www.youtube.com\\\/channel\\\/UC1vzOrmAYYtQTCAMbKOab3w\"]}]}<\/script>\n<!-- \/ Yoast SEO plugin. -->","yoast_head_json":{"title":"Marigny Capital recrute | Cabinet de conseil en gestion de patrimoine","description":"Sie interessieren sich f\u00fcr eine T\u00e4tigkeit bei uns? Informieren Sie sich \u00fcber unsere Angebote !","robots":{"index":"index","follow":"follow","max-snippet":"max-snippet:-1","max-image-preview":"max-image-preview:large","max-video-preview":"max-video-preview:-1"},"canonical":"https:\/\/www.marignycapital.com\/de\/karriere\/","og_locale":"de_DE","og_type":"article","og_title":"Marigny Capital recrute | Cabinet de conseil en gestion de patrimoine","og_description":"Sie interessieren sich f\u00fcr eine T\u00e4tigkeit bei uns? Informieren Sie sich \u00fcber unsere Angebote !","og_url":"https:\/\/www.marignycapital.com\/de\/karriere\/","og_site_name":"Marigny Capital","article_modified_time":"2021-04-06T08:27:11+00:00","twitter_card":"summary_large_image","twitter_site":"@marignycapital","schema":{"@context":"https:\/\/schema.org","@graph":[{"@type":"WebPage","@id":"https:\/\/www.marignycapital.com\/de\/karriere\/","url":"https:\/\/www.marignycapital.com\/de\/karriere\/","name":"Marigny Capital recrute | Cabinet de conseil en gestion de patrimoine","isPartOf":{"@id":"https:\/\/www.marignycapital.com\/de\/#website"},"datePublished":"2020-07-23T06:34:18+00:00","dateModified":"2021-04-06T08:27:11+00:00","description":"Sie interessieren sich f\u00fcr eine T\u00e4tigkeit bei uns? Informieren Sie sich \u00fcber unsere Angebote !","breadcrumb":{"@id":"https:\/\/www.marignycapital.com\/de\/karriere\/#breadcrumb"},"inLanguage":"de","potentialAction":[{"@type":"ReadAction","target":["https:\/\/www.marignycapital.com\/de\/karriere\/"]}]},{"@type":"BreadcrumbList","@id":"https:\/\/www.marignycapital.com\/de\/karriere\/#breadcrumb","itemListElement":[{"@type":"ListItem","position":1,"name":"Startseite","item":"https:\/\/www.marignycapital.com\/de\/"},{"@type":"ListItem","position":2,"name":"Karriere"}]},{"@type":"WebSite","@id":"https:\/\/www.marignycapital.com\/de\/#website","url":"https:\/\/www.marignycapital.com\/de\/","name":"Marigny Capital","description":"Leader en solutions d&#039;investissements","publisher":{"@id":"https:\/\/www.marignycapital.com\/de\/#organization"},"potentialAction":[{"@type":"SearchAction","target":{"@type":"EntryPoint","urlTemplate":"https:\/\/www.marignycapital.com\/de\/?s={search_term_string}"},"query-input":{"@type":"PropertyValueSpecification","valueRequired":true,"valueName":"search_term_string"}}],"inLanguage":"de"},{"@type":"Organization","@id":"https:\/\/www.marignycapital.com\/de\/#organization","name":"Marigny Capital","url":"https:\/\/www.marignycapital.com\/de\/","logo":{"@type":"ImageObject","inLanguage":"de","@id":"https:\/\/www.marignycapital.com\/de\/#\/schema\/logo\/image\/","url":"https:\/\/www.marignycapital.com\/wp-content\/uploads\/2020\/07\/logo-marigny-capital.png","contentUrl":"https:\/\/www.marignycapital.com\/wp-content\/uploads\/2020\/07\/logo-marigny-capital.png","width":428,"height":172,"caption":"Marigny Capital"},"image":{"@id":"https:\/\/www.marignycapital.com\/de\/#\/schema\/logo\/image\/"},"sameAs":["https:\/\/x.com\/marignycapital","https:\/\/www.linkedin.com\/company\/marigny-capital\/","https:\/\/www.youtube.com\/channel\/UC1vzOrmAYYtQTCAMbKOab3w"]}]}},"_links":{"self":[{"href":"https:\/\/www.marignycapital.com\/de\/wp-json\/wp\/v2\/pages\/1455","targetHints":{"allow":["GET"]}}],"collection":[{"href":"https:\/\/www.marignycapital.com\/de\/wp-json\/wp\/v2\/pages"}],"about":[{"href":"https:\/\/www.marignycapital.com\/de\/wp-json\/wp\/v2\/types\/page"}],"author":[{"embeddable":true,"href":"https:\/\/www.marignycapital.com\/de\/wp-json\/wp\/v2\/users\/2"}],"replies":[{"embeddable":true,"href":"https:\/\/www.marignycapital.com\/de\/wp-json\/wp\/v2\/comments?post=1455"}],"version-history":[{"count":10,"href":"https:\/\/www.marignycapital.com\/de\/wp-json\/wp\/v2\/pages\/1455\/revisions"}],"predecessor-version":[{"id":1944,"href":"https:\/\/www.marignycapital.com\/de\/wp-json\/wp\/v2\/pages\/1455\/revisions\/1944"}],"wp:attachment":[{"href":"https:\/\/www.marignycapital.com\/de\/wp-json\/wp\/v2\/media?parent=1455"}],"curies":[{"name":"wp","href":"https:\/\/api.w.org\/{rel}","templated":true}]}}